{"id":141,"date":"2014-02-17T15:06:08","date_gmt":"2014-02-17T15:06:08","guid":{"rendered":"https:\/\/kreditnemejuasociacija.lv\/?page_id=141"},"modified":"2021-02-03T15:41:47","modified_gmt":"2021-02-03T15:41:47","slug":"pieteikties-konsultacijai","status":"publish","type":"page","link":"https:\/\/kreditnemejuasociacija.lv\/?page_id=141","title":{"rendered":"Pieteikties konsult\u0101cijai"},"content":{"rendered":"<p>Iest\u0101\u0161an\u0101s biedr\u012bb\u0101 ir bez maksas.\u00a0Konsult\u0101cijas cena &#8211; 20 Eur.<\/p>\n<p>[contact-form-7 id=&#8221;605&#8243; title=&#8221;Contact form 1&#8243;]<\/p>\n","protected":false},"excerpt":{"rendered":"<p>Iest\u0101\u0161an\u0101s biedr\u012bb\u0101 ir bez maksas.\u00a0Konsult\u0101cijas cena &#8211; 20 Eur. [contact-form-7 id=&#8221;605&#8243; title=&#8221;Contact form 1&#8243;]<\/p>\n","protected":false},"author":1,"featured_media":0,"parent":0,"menu_order":0,"comment_status":"closed","ping_status":"closed","template":"","meta":{"footnotes":""},"class_list":["post-141","page","type-page","status-publish","hentry"],"_links":{"self":[{"href":"https:\/\/kreditnemejuasociacija.lv\/index.php?rest_route=\/wp\/v2\/pages\/141","targetHints":{"allow":["GET"]}}],"collection":[{"href":"https:\/\/kreditnemejuasociacija.lv\/index.php?rest_route=\/wp\/v2\/pages"}],"about":[{"href":"https:\/\/kreditnemejuasociacija.lv\/index.php?rest_route=\/wp\/v2\/types\/page"}],"author":[{"embeddable":true,"href":"https:\/\/kreditnemejuasociacija.lv\/index.php?rest_route=\/wp\/v2\/users\/1"}],"replies":[{"embeddable":true,"href":"https:\/\/kreditnemejuasociacija.lv\/index.php?rest_route=%2Fwp%2Fv2%2Fcomments&post=141"}],"version-history":[{"count":5,"href":"https:\/\/kreditnemejuasociacija.lv\/index.php?rest_route=\/wp\/v2\/pages\/141\/revisions"}],"predecessor-version":[{"id":606,"href":"https:\/\/kreditnemejuasociacija.lv\/index.php?rest_route=\/wp\/v2\/pages\/141\/revisions\/606"}],"wp:attachment":[{"href":"https:\/\/kreditnemejuasociacija.lv\/index.php?rest_route=%2Fwp%2Fv2%2Fmedia&parent=141"}],"curies":[{"name":"wp","href":"https:\/\/api.w.org\/{rel}","templated":true}]}}